{"id":246,"date":"2019-08-27T17:35:04","date_gmt":"2019-08-27T17:35:04","guid":{"rendered":"https:\/\/tom-christensen.dk\/?page_id=246"},"modified":"2026-03-15T12:12:33","modified_gmt":"2026-03-15T12:12:33","slug":"onskeseddel-60-ar","status":"publish","type":"page","link":"http:\/\/tom-christensen.dk\/?page_id=246","title":{"rendered":"\u00d8nskeseddel"},"content":{"rendered":"<p>8 indbygningsspots til min overd\u00e6kkede terrasse. https:\/\/www.greenline.dk\/k\/belysning-lamper\/indbygningsspot-downlights\/indbygningsspot-udendors\/p\/easy2setup-udendors-indbygnings<br \/>Oplevelser med dig\/jer<br \/>Franske delikatesser<br \/>D\u00e6kservietter fra Ikea https:\/\/www.ikea.com\/dk\/da\/p\/laettad-daekkeserviet-sograes-sort-00236239\/<br \/>Jasmin busk db.\u00a0<br \/>Sp\u00e6ndende fr\u00f8.<br \/>Planter til krukker, gerne nogle med kant ikke s\u00e5 kolonihave agtigt.<br \/>Sp\u00e6ndende krydderurter (ikke timian)<br \/>Maskinmester eftersyn af solvarme anl\u00e6g.<br \/>H\u00e6klet net.<br \/>Levering af flagstang fra Svend.<br \/>Syltede agurker fra Rosa.\u00a0<\/p>\n<p>&nbsp;<\/p>\n\n\n<p><\/p>\n","protected":false},"excerpt":{"rendered":"<p>8 indbygningsspots til min overd\u00e6kkede terrasse. https:\/\/www.greenline.dk\/k\/belysning-lamper\/indbygningsspot-downlights\/indbygningsspot-udendors\/p\/easy2setup-udendors-indbygningsOplevelser med dig\/jerFranske delikatesserD\u00e6kservietter fra Ikea https:\/\/www.ikea.com\/dk\/da\/p\/laettad-daekkeserviet-sograes-sort-00236239\/Jasmin busk db.\u00a0Sp\u00e6ndende fr\u00f8.Planter til krukker, gerne nogle med kant ikke s\u00e5 kolonihave agtigt.Sp\u00e6ndende krydderurter (ikke timian)Maskinmester eftersyn af solvarme anl\u00e6g.H\u00e6klet net.Levering af flagstang fra Svend.Syltede agurker fra Rosa.\u00a0 &nbsp;<\/p>\n","protected":false},"author":1,"featured_media":0,"parent":0,"menu_order":0,"comment_status":"closed","ping_status":"closed","template":"","meta":{"footnotes":""},"class_list":["post-246","page","type-page","status-publish","hentry"],"_links":{"self":[{"href":"http:\/\/tom-christensen.dk\/index.php?rest_route=\/wp\/v2\/pages\/246","targetHints":{"allow":["GET"]}}],"collection":[{"href":"http:\/\/tom-christensen.dk\/index.php?rest_route=\/wp\/v2\/pages"}],"about":[{"href":"http:\/\/tom-christensen.dk\/index.php?rest_route=\/wp\/v2\/types\/page"}],"author":[{"embeddable":true,"href":"http:\/\/tom-christensen.dk\/index.php?rest_route=\/wp\/v2\/users\/1"}],"replies":[{"embeddable":true,"href":"http:\/\/tom-christensen.dk\/index.php?rest_route=%2Fwp%2Fv2%2Fcomments&post=246"}],"version-history":[{"count":17,"href":"http:\/\/tom-christensen.dk\/index.php?rest_route=\/wp\/v2\/pages\/246\/revisions"}],"predecessor-version":[{"id":509,"href":"http:\/\/tom-christensen.dk\/index.php?rest_route=\/wp\/v2\/pages\/246\/revisions\/509"}],"wp:attachment":[{"href":"http:\/\/tom-christensen.dk\/index.php?rest_route=%2Fwp%2Fv2%2Fmedia&parent=246"}],"curies":[{"name":"wp","href":"https:\/\/api.w.org\/{rel}","templated":true}]}}